{"id":1034,"date":"2020-08-06T09:56:13","date_gmt":"2020-08-06T09:56:13","guid":{"rendered":"https:\/\/skolaberze.net\/bazaznanja\/?page_id=1034"},"modified":"2020-09-30T14:30:41","modified_gmt":"2020-09-30T14:30:41","slug":"pdf","status":"publish","type":"page","link":"https:\/\/skolaberze.net\/bazaznanja\/pdf\/","title":{"rendered":"pdf"},"content":{"rendered":"PDF materijali \u00a0 \u25c4 Povratak \t\t<div class=\"woocommerce\">\n\t\t\t<div class=\"woocommerce-info wc-memberships-restriction-message wc-memberships-message wc-memberships-content-restricted-message\">\n\t\t\t\tUkoliko si pretplatnik Berzanske baze znanja prijavi se <a href=\"https:\/\/skolaberze.net\/bazaznanja\/fiokom\/\"><b><u>ovde<\/u><\/b><\/a>, ako jo\u0161 nisi mo\u017ee\u0161 se registrovati <a href=\"https:\/\/skolaberze.net\/baza-znanja\/\"><b><u>ovde<\/u><\/b><\/a>.\t\t    <\/div>\n\t\t<\/div>\n\t\t","protected":false},"excerpt":{"rendered":"<p>PDF materijali \u00a0 \u25c4 Povratak \t\t<\/p>\n<div class=\"woocommerce\">\n<div class=\"woocommerce-info wc-memberships-restriction-message wc-memberships-message wc-memberships-content-restricted-message\">\n\t\t\t\tUkoliko si pretplatnik Berzanske baze znanja prijavi se <a href=\"https:\/\/skolaberze.net\/bazaznanja\/fiokom\/\"><b><u>ovde<\/u><\/b><\/a>, ako jo\u0161 nisi mo\u017ee\u0161 se registrovati <a href=\"https:\/\/skolaberze.net\/baza-znanja\/\"><b><u>ovde<\/u><\/b><\/a>.\t\t    <\/div>\n<\/p><\/div>\n","protected":false},"author":114,"featured_media":0,"parent":0,"menu_order":0,"comment_status":"closed","ping_status":"closed","template":"","meta":{"footnotes":""},"_links":{"self":[{"href":"https:\/\/skolaberze.net\/bazaznanja\/wp-json\/wp\/v2\/pages\/1034"}],"collection":[{"href":"https:\/\/skolaberze.net\/bazaznanja\/wp-json\/wp\/v2\/pages"}],"about":[{"href":"https:\/\/skolaberze.net\/bazaznanja\/wp-json\/wp\/v2\/types\/page"}],"author":[{"embeddable":true,"href":"https:\/\/skolaberze.net\/bazaznanja\/wp-json\/wp\/v2\/users\/114"}],"replies":[{"embeddable":true,"href":"https:\/\/skolaberze.net\/bazaznanja\/wp-json\/wp\/v2\/comments?post=1034"}],"version-history":[{"count":47,"href":"https:\/\/skolaberze.net\/bazaznanja\/wp-json\/wp\/v2\/pages\/1034\/revisions"}],"predecessor-version":[{"id":1347,"href":"https:\/\/skolaberze.net\/bazaznanja\/wp-json\/wp\/v2\/pages\/1034\/revisions\/1347"}],"wp:attachment":[{"href":"https:\/\/skolaberze.net\/bazaznanja\/wp-json\/wp\/v2\/media?parent=1034"}],"curies":[{"name":"wp","href":"https:\/\/api.w.org\/{rel}","templated":true}]}}